{"id":1844,"date":"2022-08-07T13:06:31","date_gmt":"2022-08-07T13:06:31","guid":{"rendered":"https:\/\/yathaberturkiye.com\/?page_id=1844"},"modified":"2025-05-22T10:38:15","modified_gmt":"2025-05-22T10:38:15","slug":"authors","status":"publish","type":"page","link":"https:\/\/yathaberturkiye.com\/en\/authors\/","title":{"rendered":"Authors"},"content":{"rendered":"<div data-elementor-type=\"wp-page\" data-elementor-id=\"1844\" class=\"elementor elementor-1844\" data-elementor-post-type=\"page\">\n\t\t\t\t\t\t<section class=\"elementor-section elementor-top-section elementor-element elementor-element-c3e4436 elementor-section-boxed elementor-section-height-default elementor-section-height-default\" data-id=\"c3e4436\" data-element_type=\"section\" data-e-type=\"section\">\n\t\t\t\t\t\t<div class=\"elementor-container elementor-column-gap-default\">\n\t\t\t\t\t<div class=\"elementor-column elementor-col-100 elementor-top-column elementor-element elementor-element-7f1d71a\" data-id=\"7f1d71a\" data-element_type=\"column\" data-e-type=\"column\">\n\t\t\t<div class=\"elementor-widget-wrap elementor-element-populated\">\n\t\t\t\t\t\t<div class=\"elementor-element elementor-element-d22acde elementor-widget elementor-widget-jnews_element_userlist_elementor\" data-id=\"d22acde\" data-element_type=\"widget\" data-e-type=\"widget\" data-widget_type=\"jnews_element_userlist_elementor.default\">\n\t\t\t\t<div class=\"elementor-widget-container\">\n\t\t\t\t\t<div class='jeg_userlist style-1 jeg_3_block jnews_module__0_6a05be5d7bee9' style = \"text-align:left\"><ul><li><div class='jeg_userlist-wrap'><div class='jeg_userlist-photo'><a href=\"https:\/\/yathaberturkiye.com\/en\/?author=11\"><img alt='' src='https:\/\/yathaberturkiye.com\/wp-content\/uploads\/2025\/05\/Asli-Sagbilge-150x150.jpg' srcset='https:\/\/yathaberturkiye.com\/wp-content\/uploads\/2025\/05\/Asli-Sagbilge-150x150.jpg 2x' class='avatar avatar-500 photo' height='500' width='500' \/><\/a><\/div><div class='jeg_userlist-content'><a href=\"https:\/\/yathaberturkiye.com\/en\/author\/asli\/\" class='jeg_userlist-name'>Asl\u0131 Sa\u011fbilge<\/a><span class='jeg_userlist-desc'>Asl\u0131 Sa\u011fbilge graduated from Marmara University's Faculty of Communication. Currently serving as the publishing director of Yat Haber T\u00fcrkiye magazine, Sa\u011fbilge continues to produce content and carry out publishing activities specifically for the maritime sector. She is also involved in screenwriting and novel writing, producing original works that combine literature with sector-specific narratives.<\/span><div class='jeg_userlist-socials'><a target=\"_blank\" href=\"https:\/\/www.linkedin.com\/in\/asl\u0131-sa\u011fbilge-0863a5196\/\" class=\"linkedin\" rel=\"noopener\"><i class=\"fa fa-linkedin\"><\/i><\/a><a target=\"_blank\" href=\"https:\/\/www.instagram.com\/aslisagbilge\/\" class=\"instagram\" rel=\"noopener\"><i class=\"fa fa-instagram\"><\/i><\/a><\/div><\/div><\/div><\/li><li><div class='jeg_userlist-wrap'><div class='jeg_userlist-photo'><a href=\"https:\/\/yathaberturkiye.com\/en\/?author=12\"><img alt='' src='https:\/\/yathaberturkiye.com\/wp-content\/uploads\/2025\/05\/Yat-Haber-Turkiye-150x150.jpg' srcset='https:\/\/yathaberturkiye.com\/wp-content\/uploads\/2025\/05\/Yat-Haber-Turkiye-150x150.jpg 2x' class='avatar avatar-500 photo' height='500' width='500' \/><\/a><\/div><div class='jeg_userlist-content'><a href=\"https:\/\/yathaberturkiye.com\/en\/author\/yathaber\/\" class=\"jeg_userlist-name\">Yacht News Turkey<\/a><span class='jeg_userlist-desc'>Yat Haber T\u00fcrkiye continues its publication with the mission of bringing all components of Turkish yachting and the human stories within this sector to the international stage. The magazine aims to make developments in the Turkish yacht sector visible not only locally but also globally, and stands out with its special English-language issues prepared specifically for international organizations. By participating in major fairs and events, it showcases Turkey's strength and potential in the maritime sector to the global public.<\/span><div class='jeg_userlist-socials'><a target=\"_blank\" href=\"https:\/\/www.linkedin.com\/company\/yathabertrkiye\" class=\"linkedin\" rel=\"noopener\"><i class=\"fa fa-linkedin\"><\/i><\/a><a target=\"_blank\" href=\"https:\/\/www.instagram.com\/yathaberturkiye\/\" class=\"instagram\" rel=\"noopener\"><i class=\"fa fa-instagram\"><\/i><\/a><\/div><\/div><\/div><\/li><\/ul><style scoped>.jnews_module__0_6a05be5d7bee9 .jeg_subscribe_count, .jnews_module__0_6a05be5d7bee9 .follow-wrapper a, .jnews_module__0_6a05be5d7bee9 .jeg_userlist-socials a i { color: #A0A0A0 }.jnews_module__0_6a05be5d7bee9 .jeg_userlist-socials a i svg { fill: #A0A0A0 }.jnews_module__0_6a05be5d7bee9.jeg_userlist.style-1 .jeg_userlist-desc { color: #A0A0A0 }.jnews_module__0_6a05be5d7bee9.jeg_userlist.style-1 .jeg_userlist-wrap { border-color: #EEEEEE }.jnews_module__0_6a05be5d7bee9.jeg_userlist.style-1 .jeg_userlist-wrap { background: #F9F9F9 }<\/style><\/div>\t\t\t\t<\/div>\n\t\t\t\t<\/div>\n\t\t\t\t\t<\/div>\n\t\t<\/div>\n\t\t\t\t\t<\/div>\n\t\t<\/section>\n\t\t\t\t<\/div>","protected":false},"excerpt":{"rendered":"<p>Asl\u0131 Sag\u0306bilgeYat Haber T\u00fcrkiye yaz\u0131 edit\u00f6r\u00fc olarak g\u00f6rev yapmaktad\u0131r. Haber i\u00e7eriklerini titizlikle d\u00fczenleyerek okuyuculara do\u011fru, anla\u015f\u0131l\u0131r ve ak\u0131c\u0131 metinler sunmay\u0131 ama\u00e7lamaktad\u0131r. G\u00fcndemi yak\u0131ndan takip eden yazar\u0131m\u0131z, yaz\u0131lar\u0131n dilbilgisi ve \u00fcslup a\u00e7\u0131s\u0131ndan en iyi hale getirilmesine katk\u0131da bulunarak, kaliteli habercili\u011fin geli\u015fmesine destek olmaktad\u0131r. Yat Haber T\u00fcrkiye<\/p>","protected":false},"author":11,"featured_media":0,"parent":0,"menu_order":0,"comment_status":"closed","ping_status":"closed","template":"template-builder.php","meta":{"footnotes":""},"class_list":["post-1844","page","type-page","status-publish","hentry"],"_links":{"self":[{"href":"https:\/\/yathaberturkiye.com\/en\/wp-json\/wp\/v2\/pages\/1844","targetHints":{"allow":["GET"]}}],"collection":[{"href":"https:\/\/yathaberturkiye.com\/en\/wp-json\/wp\/v2\/pages"}],"about":[{"href":"https:\/\/yathaberturkiye.com\/en\/wp-json\/wp\/v2\/types\/page"}],"author":[{"embeddable":true,"href":"https:\/\/yathaberturkiye.com\/en\/wp-json\/wp\/v2\/users\/11"}],"replies":[{"embeddable":true,"href":"https:\/\/yathaberturkiye.com\/en\/wp-json\/wp\/v2\/comments?post=1844"}],"version-history":[{"count":30,"href":"https:\/\/yathaberturkiye.com\/en\/wp-json\/wp\/v2\/pages\/1844\/revisions"}],"predecessor-version":[{"id":18836,"href":"https:\/\/yathaberturkiye.com\/en\/wp-json\/wp\/v2\/pages\/1844\/revisions\/18836"}],"wp:attachment":[{"href":"https:\/\/yathaberturkiye.com\/en\/wp-json\/wp\/v2\/media?parent=1844"}],"curies":[{"name":"wp","href":"https:\/\/api.w.org\/{rel}","templated":true}]}}